{"id":112,"date":"2021-04-29T01:22:17","date_gmt":"2021-04-28T22:22:17","guid":{"rendered":"http:\/\/www.simta.com.tr\/yeni\/?post_type=product&#038;p=112"},"modified":"2021-04-29T01:22:17","modified_gmt":"2021-04-28T22:22:17","slug":"perpetual-go","status":"publish","type":"product","link":"https:\/\/www.simta.com.tr\/?product=perpetual-go","title":{"rendered":"PERPETUAL GO"},"content":{"rendered":"<p>Perpetual GO, ba\u015fl\u0131 ba\u015f\u0131na bir paketleme ustas\u0131. Go serisi ile 20 kg\u2019dan 60 kg\u2019a kadar farkl\u0131 \u00f6l\u00e7eklerde paketleme yaparken, dokunmatik kontrol paneli sayesinde t\u00fcm fonksiyonlar\u0131 tek ekrandan g\u00f6r\u00fcnt\u00fcleyebilir, \u00fcr\u00fcn\u00fcn a\u011f\u0131rl\u0131\u011f\u0131 ve adedi ile ilgili bilgilere kolayca ula\u015fabilirsiniz. Satte 9 tona kadar paketleme kapasitesine sahip Perpetual Go i\u015finizi kolayla\u015ft\u0131rmak i\u00e7in tasarland\u0131.<\/p>\n<p>Perpetual GO ile m\u0131s\u0131r silaj\u0131, pancar posas\u0131 k\u00fcspesi, fi\u011f silaj\u0131, kaba yem, palet yem, patates posas\u0131, meyve posas\u0131, zeytin posas\u0131, \u00fcz\u00fcm posas\u0131, arpa, bu\u011fday, g\u00fcbre ve end\u00fcstriyel at\u0131klar\u0131 kolayl\u0131kla paketleyebilirsiniz.<\/p>\n<p>Mobil tek ve \u00e7ift istasyonlu bu modelimiz d\u00fc\u015f\u00fck bak\u0131m maliyeti, uzun \u00f6m\u00fcrl\u00fc yap\u0131s\u0131, yedek par\u00e7a sorunu ya\u015fanmayan standart bile\u015fenlerle donat\u0131lm\u0131\u015ft\u0131r. Mobil istasyonlar\u0131n\u0131n yan\u0131 s\u0131ra makinemizde 8-10 aras\u0131 gezer bantl\u0131 konvey\u00f6r ve kar\u0131\u015ft\u0131r\u0131c\u0131 hazne bulunmaktad\u0131r. Gezer Konvey\u00f6r sayesinde paketleme i\u015flemi bittikten sonra y\u00fckleme ama\u00e7l\u0131da kullan\u0131labilir. Mobil olmas\u0131 dolay\u0131s\u0131yla sistem ta\u015f\u0131narak istenilen yerde tekrar kurulum yap\u0131larak bu sayede nakliye ve depolama maliyetlerini d\u00fc\u015f\u00fcr\u00fcr. Tart\u0131m\u0131 ger\u00e7ekle\u015ftiren Loadcell ler 2 yerine 3 adet kullan\u0131larak daha hassas tart\u0131m olana\u011f\u0131 sa\u011flar.<\/p>\n<h4>PERFORMANS KONTROL ALTINDA<\/h4>\n<p>Paketlenecek \u00fcr\u00fcn\u00fcn uzun s\u00fcre bozulmadan muhafaza edilebilmesi paket i\u00e7erisindeki havan\u0131n d\u0131\u015far\u0131ya \u00e7\u0131kmas\u0131 gerekmektedir. \u00c7elikel ZEROAIR teknolojisi sayesinde paket i\u00e7erisindeki hava al\u0131narak paketlenmi\u015f \u00fcr\u00fcn\u00fcn raf \u00f6mr\u00fc 2 y\u0131la kadar uzat\u0131labilmektedir. Bu sayede paketlemi\u015f oldu\u011funuz \u00fcr\u00fcn ilk g\u00fcnk\u00fc tazeli\u011fini koruyacakt\u0131r. Go 2&#8217;de makinenin saatlik kapasitesini art\u0131rmak i\u00e7in kefe sistemi kulland\u0131k. Bu sistemde  mahsul kefe i\u00e7erisinde haz\u0131r bekletilerek po\u015fet tak\u0131l\u0131r tak\u0131lmaz dolumu ger\u00e7ekle\u015fir. Bu sayede dolum i\u00e7in ikinci bir po\u015fet tak\u0131l\u0131ncaya kadar makinemiz beklemez ve bir dahaki \u00fcr\u00fcn\u00fcn gramajlamas\u0131n\u0131 ayarlar.PERPETUAL\u2019de olu\u015fabilecek aksakl\u0131klara daha h\u0131zl\u0131 ve kolay m\u00fcdahale edebilmek i\u00e7in SPACEBULL yaz\u0131l\u0131m\u0131na entegre bir uzaktan ba\u011flant\u0131 \u00f6zelli\u011fi ilave edilmi\u015ftir. Bu sistem sayesinde kullan\u0131c\u0131n\u0131n \u00e7\u00f6zemedi\u011fi problemlere \u00c7elikel Teknik ekibi uzaktan m\u00fcdahale edebilmektedir. SPACEBULL PLC kontrol paneli ve kapsaml\u0131 ara y\u00fcz\u00fc ile makina sistemini kontrol alt\u0131nda tutmak \u00e7ok kolay. Dokunmatik ekran ile makinenin t\u00fcm fonksiyonlar\u0131na tek ekrandan m\u00fcdahale edebilir ve makinede paketlenen \u00fcr\u00fcn\u00fcn tonaj\u0131, adeti vb. bilgilere eri\u015febilirsiniz. PERPETUAL de ama\u00e7lad\u0131\u011f\u0131m\u0131z \u00e7\u0131kan paketlerin standart ve kusursuz bir \u015fekilde olmas\u0131d\u0131r. Paketlenecek materyallerde olu\u015fabilecek toplu halde birbirine yap\u0131\u015fm\u0131\u015f bir \u015fekilde gitmesi gibi durumlar\u0131n \u00f6n\u00fcne ge\u00e7mek i\u00e7in tasarlanan Bunker Kar\u0131\u015ft\u0131rma Helezonu sayesinde bu hata s\u0131f\u0131r oran\u0131na indirdik.<br \/>\nPaketleme A\u011f\u0131rl\u0131\u011f\u0131: 20-60 kg Kapasite : 180-240 paket\/saat. Silaj Paketleme: 6 ton\/saat.       K\u00fcspe Paketleme: 9 ton\/ saat<\/p>\n","protected":false},"excerpt":{"rendered":"<p>Perpetual GO, ba\u015fl\u0131 ba\u015f\u0131na bir paketleme ustas\u0131. Go serisi ile 20 kg\u2019dan 60 kg\u2019a kadar farkl\u0131 \u00f6l\u00e7eklerde paketleme yaparken, dokunmatik kontrol paneli sayesinde t\u00fcm fonksiyonlar\u0131 tek ekrandan g\u00f6r\u00fcnt\u00fcleyebilir, \u00fcr\u00fcn\u00fcn a\u011f\u0131rl\u0131\u011f\u0131 ve adedi ile ilgili bilgilere kolayca ula\u015fabilirsiniz. Satte 9 tona kadar paketleme kapasitesine sahip Perpetual Go i\u015finizi kolayla\u015ft\u0131rmak i\u00e7in tasarland\u0131. Perpetual GO ile m\u0131s\u0131r silaj\u0131, [&hellip;]<\/p>\n","protected":false},"featured_media":113,"comment_status":"open","ping_status":"closed","template":"","meta":[],"product_brand":[],"product_cat":[21],"product_tag":[],"class_list":{"0":"post-112","1":"product","2":"type-product","3":"status-publish","4":"has-post-thumbnail","6":"product_cat-paketleme-makineleri","8":"first","9":"instock","10":"taxable","11":"shipping-taxable","12":"product-type-simple"},"_links":{"self":[{"href":"https:\/\/www.simta.com.tr\/index.php?rest_route=\/wp\/v2\/product\/112","targetHints":{"allow":["GET"]}}],"collection":[{"href":"https:\/\/www.simta.com.tr\/index.php?rest_route=\/wp\/v2\/product"}],"about":[{"href":"https:\/\/www.simta.com.tr\/index.php?rest_route=\/wp\/v2\/types\/product"}],"replies":[{"embeddable":true,"href":"https:\/\/www.simta.com.tr\/index.php?rest_route=%2Fwp%2Fv2%2Fcomments&post=112"}],"wp:featuredmedia":[{"embeddable":true,"href":"https:\/\/www.simta.com.tr\/index.php?rest_route=\/wp\/v2\/media\/113"}],"wp:attachment":[{"href":"https:\/\/www.simta.com.tr\/index.php?rest_route=%2Fwp%2Fv2%2Fmedia&parent=112"}],"wp:term":[{"taxonomy":"product_brand","embeddable":true,"href":"https:\/\/www.simta.com.tr\/index.php?rest_route=%2Fwp%2Fv2%2Fproduct_brand&post=112"},{"taxonomy":"product_cat","embeddable":true,"href":"https:\/\/www.simta.com.tr\/index.php?rest_route=%2Fwp%2Fv2%2Fproduct_cat&post=112"},{"taxonomy":"product_tag","embeddable":true,"href":"https:\/\/www.simta.com.tr\/index.php?rest_route=%2Fwp%2Fv2%2Fproduct_tag&post=112"}],"curies":[{"name":"wp","href":"https:\/\/api.w.org\/{rel}","templated":true}]}}