{"id":100,"date":"2021-04-29T00:39:09","date_gmt":"2021-04-28T21:39:09","guid":{"rendered":"http:\/\/www.simta.com.tr\/yeni\/?post_type=product&#038;p=100"},"modified":"2021-04-29T00:39:09","modified_gmt":"2021-04-28T21:39:09","slug":"brassus","status":"publish","type":"product","link":"https:\/\/www.simta.com.tr\/?product=brassus","title":{"rendered":"BRASSUS"},"content":{"rendered":"<p>Brassus\u2019un sahip olmad\u0131\u011f\u0131 ve di\u011fer makinelerin sahip oldu\u011fu tek \u015fey bir rol modeldir! Babalar\u0131n\u0131n k\u0131yafetlerini giyen \u00e7ocuklar, b\u00fcy\u00fcd\u00fcklerini ve g\u00fc\u00e7lendiklerini zannederler. Fakat bu his k\u0131sa s\u00fcren bir yan\u0131lg\u0131dan ibarettir! \u00dcst \u00fcste \u00fc\u00e7 y\u0131l d\u00fcnyan\u0131n en \u00e7ok tercih edilen yem karma makinesi olmas\u0131na ra\u011fmen halen BRASSUS hakk\u0131nda yeterince \u015fey s\u00f6ylenmi\u015f de\u011fil.<\/p>\n<p>Ezber bozan ve literat\u00fcre ge\u00e7en BLACK &amp; BOLD red\u00fcksiyon grubu 26 adet civatan\u0131n sa\u011flaml\u0131\u011f\u0131 ile BRASSUS\u2019a kavu\u015fturulur. BRASSUS performans\u0131 kusursuz tasar\u0131m ve kadifemsi mat siyah boya ile tamamlan\u0131r.<\/p>\n<p>Makine olmak kolay, zor olan BRASSUS olabilmek&#8230;<\/p>\n<p>Brassus benzersiz tasar\u0131m ve m\u00fckemmel uyumuyla tek ba\u015f\u0131na iddial\u0131 bir sistem olarak tasarland\u0131. Homojen rasyonlar haz\u0131rlamada \u00f6zelikle kaba yemlerin par\u00e7alanmas\u0131nda Brassus y\u00fcksek verim sa\u011flar.<\/p>\n<h4>PERFORMANS KONTROL ALTINDA<\/h4>\n<p>\u00c7ift helezonlu sistem ile \u00e7al\u0131\u015fan Brassus kaliteli rasyon haz\u0131rlama noktas\u0131nda homojen kar\u0131\u015f\u0131mlar\u0131 optimum g\u00fc\u00e7 gereksinimi ile sa\u011flar. \u00d6zel tasar\u0131ml\u0131 b\u0131\u00e7aklar; sap &#8211; saman ve yonca gibi lifli ham maddelerin hazne i\u00e7erisinde kesilerek kar\u0131\u015ft\u0131r\u0131lmas\u0131 neticesinde en etkili rasyonlar\u0131n haz\u0131rlanmas\u0131n\u0131 sa\u011flar. Ham madde ve  rasyon haf\u0131zas\u0131yla \u00e7e\u015fitli besleme programlar\u0131 yap\u0131labilir. Ba\u011f\u0131ms\u0131z hidrolik sistem; trakt\u00f6r ya\u011f bas\u0131nc\u0131na gerek duymadan makinenin hidrolik aksamlar\u0131n\u0131  \u00e7al\u0131\u015ft\u0131rma imkan\u0131 sunar. Bu sayede hem yak\u0131ttan hem de zamandan tasarruf edeceksiniz. Black &#038; Bold ba\u011flant\u0131s\u0131; helezon sisteminde meydana gelebilecek her t\u00fcrl\u00fc g\u00fc\u00e7 kayb\u0131n\u0131 engelleyecek \u015fekilde tasarlanm\u0131\u015ft\u0131r.<\/p>\n","protected":false},"excerpt":{"rendered":"<p>Brassus\u2019un sahip olmad\u0131\u011f\u0131 ve di\u011fer makinelerin sahip oldu\u011fu tek \u015fey bir rol modeldir! Babalar\u0131n\u0131n k\u0131yafetlerini giyen \u00e7ocuklar, b\u00fcy\u00fcd\u00fcklerini ve g\u00fc\u00e7lendiklerini zannederler. Fakat bu his k\u0131sa s\u00fcren bir yan\u0131lg\u0131dan ibarettir! \u00dcst \u00fcste \u00fc\u00e7 y\u0131l d\u00fcnyan\u0131n en \u00e7ok tercih edilen yem karma makinesi olmas\u0131na ra\u011fmen halen BRASSUS hakk\u0131nda yeterince \u015fey s\u00f6ylenmi\u015f de\u011fil. Ezber bozan ve literat\u00fcre ge\u00e7en [&hellip;]<\/p>\n","protected":false},"featured_media":101,"comment_status":"open","ping_status":"closed","template":"","meta":[],"product_brand":[],"product_cat":[19],"product_tag":[],"class_list":{"0":"post-100","1":"product","2":"type-product","3":"status-publish","4":"has-post-thumbnail","6":"product_cat-yem-karma-makineleri","8":"first","9":"instock","10":"taxable","11":"shipping-taxable","12":"product-type-simple"},"_links":{"self":[{"href":"https:\/\/www.simta.com.tr\/index.php?rest_route=\/wp\/v2\/product\/100","targetHints":{"allow":["GET"]}}],"collection":[{"href":"https:\/\/www.simta.com.tr\/index.php?rest_route=\/wp\/v2\/product"}],"about":[{"href":"https:\/\/www.simta.com.tr\/index.php?rest_route=\/wp\/v2\/types\/product"}],"replies":[{"embeddable":true,"href":"https:\/\/www.simta.com.tr\/index.php?rest_route=%2Fwp%2Fv2%2Fcomments&post=100"}],"wp:featuredmedia":[{"embeddable":true,"href":"https:\/\/www.simta.com.tr\/index.php?rest_route=\/wp\/v2\/media\/101"}],"wp:attachment":[{"href":"https:\/\/www.simta.com.tr\/index.php?rest_route=%2Fwp%2Fv2%2Fmedia&parent=100"}],"wp:term":[{"taxonomy":"product_brand","embeddable":true,"href":"https:\/\/www.simta.com.tr\/index.php?rest_route=%2Fwp%2Fv2%2Fproduct_brand&post=100"},{"taxonomy":"product_cat","embeddable":true,"href":"https:\/\/www.simta.com.tr\/index.php?rest_route=%2Fwp%2Fv2%2Fproduct_cat&post=100"},{"taxonomy":"product_tag","embeddable":true,"href":"https:\/\/www.simta.com.tr\/index.php?rest_route=%2Fwp%2Fv2%2Fproduct_tag&post=100"}],"curies":[{"name":"wp","href":"https:\/\/api.w.org\/{rel}","templated":true}]}}